{"id":150,"date":"2023-10-20T09:23:18","date_gmt":"2023-10-20T07:23:18","guid":{"rendered":"https:\/\/crearcompartir.com\/wordpress\/?page_id=150"},"modified":"2025-09-03T17:03:11","modified_gmt":"2025-09-03T15:03:11","slug":"match","status":"publish","type":"page","link":"https:\/\/crearcompartir.com\/wordpress\/match\/","title":{"rendered":"\u00bfHacemos Match?"},"content":{"rendered":"\n<p>Un match implica una conexi\u00f3n y una alianza para Crear actividades conjuntas y\/o Compartir espacios.<\/p>\n\n\n\n<p><strong>Crear y Compartir<\/strong> hemos hecho un Match con diversas entidades y comercios que dar\u00e1n como fruto eventos \u00fanicos y compartidos.<\/p>\n\n\n\n<p>Os presentamos a nuestros Matches hasta el momento:<\/p>\n\n\n\n<h2 class=\"wp-block-heading\">Centro Amara<\/h2>\n\n\n<div class=\"wp-block-image\">\n<figure class=\"alignleft size-full\"><img loading=\"lazy\" decoding=\"async\" width=\"200\" height=\"200\" src=\"https:\/\/crearcompartir.com\/wordpress\/wp-content\/uploads\/2023\/10\/Match_Amara_Web.jpg\" alt=\"\" class=\"wp-image-176\" srcset=\"https:\/\/crearcompartir.com\/wordpress\/wp-content\/uploads\/2023\/10\/Match_Amara_Web.jpg 200w, https:\/\/crearcompartir.com\/wordpress\/wp-content\/uploads\/2023\/10\/Match_Amara_Web-150x150.jpg 150w\" sizes=\"auto, (max-width: 200px) 100vw, 200px\" \/><\/figure>\n<\/div>\n\n\n<p class=\"has-text-align-justify\">El <a href=\"https:\/\/centroamara.sumupstore.com\/\" target=\"blank\" rel=\"noopener\">Centro Ama<\/a><a href=\"https:\/\/centroamara.sumupstore.com\/\" target=\"_blank\" rel=\"noreferrer noopener\">ra<\/a> de Abrera, fundado por Raquel Soler y Mario Puertas, es un centro de terapias y productos especializado en reiki, canalizaciones, constelaciones familiares, terapia gestalt, quiromasaje\u2026 ofreciendo terapias, clases y productos que mejoran nuestro bienestar y ayudan a generar conciencia de nuestro propio ser.<\/p>\n\n\n\n<p class=\"has-text-align-justify\">Tambi\u00e9n organizan retiros que ofrecen un fin de semana de bienestar y crecimiento.<\/p>\n\n\n\n<p class=\"has-text-align-justify\">En el Centro Amara te sentir\u00e1s en casa. Para Raquel y Mario el principal objetivo y dedicaci\u00f3n eres T\u00fa. A trav\u00e9s de varias terapias trabajan t\u00fa interior, t\u00fa espiritualidad y la verdadera conexi\u00f3n contigo mismo. Es por ello, que en este Centro te sentir\u00e1s como en casa, ya que todo est\u00e1 dise\u00f1ado para ti y para cubrir todas tus necesidades.<\/p>\n\n\n\n<p class=\"has-text-align-justify\">Nacidos en septiembre de 2021, el Centro Amara se ha consolidado como uno de los centros de terapias referentes del Baix Llobregat.<\/p>\n\n\n\n<h2 class=\"wp-block-heading\">La Figaflor<\/h2>\n\n\n<div class=\"wp-block-image\">\n<figure class=\"alignleft size-full\"><img loading=\"lazy\" decoding=\"async\" width=\"200\" height=\"200\" src=\"https:\/\/crearcompartir.com\/wordpress\/wp-content\/uploads\/2023\/10\/Match_Figaflor_Web.jpg\" alt=\"\" class=\"wp-image-177\" srcset=\"https:\/\/crearcompartir.com\/wordpress\/wp-content\/uploads\/2023\/10\/Match_Figaflor_Web.jpg 200w, https:\/\/crearcompartir.com\/wordpress\/wp-content\/uploads\/2023\/10\/Match_Figaflor_Web-150x150.jpg 150w\" sizes=\"auto, (max-width: 200px) 100vw, 200px\" \/><\/figure>\n<\/div>\n\n\n<p class=\"has-text-align-justify\"><a href=\"https:\/\/www.lafigaflor.com\/\" target=\"blank\" rel=\"noopener\">La Figaflor d\u2019Abrera,<\/a> gestionada per Rocio Castell, \u00e9s una llibreria i espai cultural que es diferencia d\u2019altres llibreries pel seu component cultural i el seu enfocament transfeminista i antiracista. Un dels seus objectius \u00e9s ensenyar a estimar el que s\u00f3n els llibres, trencant esquemes socials i creant lligams culturals i populars al teixit local.<\/p>\n\n\n\n<p class=\"has-text-align-justify\">El 2023 la <strong>Llibreria Figaflor d&#8217;Abrera<\/strong>&nbsp;ha estat guardonada amb el&nbsp;primer premi&nbsp;de la&nbsp;categoria \u201cMillor empresa creada a partir de l\u2019any 2020\u201d en el 12\u00e8 Concurs d\u2019Iniciatives Empresarials del Baix Llobregat Nord dins el programa \u00abFem Xarxa, Fem Empresa\u00bb.<\/p>\n\n\n\n<p>La Roc\u00edo Castell posa la seva amorosa empremta personal a aquesta llibreria que transmet amor pels llibres, la lectura i la cultura en general.<\/p>\n\n\n\n<h2 class=\"wp-block-heading\"><\/h2>\n\n\n\n<p><\/p>\n","protected":false},"excerpt":{"rendered":"<p>Un match implica una conexi\u00f3n y una alianza para Crear actividades conjuntas y\/o Compartir espacios. Crear y Compartir hemos hecho un Match con diversas entidades y comercios que dar\u00e1n como fruto eventos \u00fanicos y compartidos. Os presentamos a nuestros Matches hasta el momento: Centro Amara El Centro Amara de Abrera, fundado por Raquel Soler y [&hellip;]<\/p>\n","protected":false},"author":1,"featured_media":0,"parent":0,"menu_order":0,"comment_status":"closed","ping_status":"closed","template":"","meta":{"footnotes":""},"class_list":["post-150","page","type-page","status-publish","hentry","post"],"yoast_head":"<!-- This site is optimized with the Yoast SEO plugin v27.3 - https:\/\/yoast.com\/product\/yoast-seo-wordpress\/ -->\n<title>\u00bfHacemos Match? - Crear Compartir<\/title>\n<meta name=\"description\" content=\"En Crear y Compartir hacemos Matches culturales con diversas entidades y comercios para aunar esfuerzos y crecer.\" \/>\n<meta name=\"robots\" content=\"index, follow, max-snippet:-1, max-image-preview:large, max-video-preview:-1\" \/>\n<link rel=\"canonical\" href=\"https:\/\/crearcompartir.com\/wordpress\/match\/\" \/>\n<meta property=\"og:locale\" content=\"es_ES\" \/>\n<meta property=\"og:type\" content=\"article\" \/>\n<meta property=\"og:title\" content=\"\u00bfHacemos Match? - Crear Compartir\" \/>\n<meta property=\"og:description\" content=\"En Crear y Compartir hacemos Matches culturales con diversas entidades y comercios para aunar esfuerzos y crecer.\" \/>\n<meta property=\"og:url\" content=\"https:\/\/crearcompartir.com\/wordpress\/match\/\" \/>\n<meta property=\"og:site_name\" content=\"Crear Compartir\" \/>\n<meta property=\"article:publisher\" content=\"https:\/\/www.facebook.com\/profile.php?id=100093587113765\" \/>\n<meta property=\"article:modified_time\" content=\"2025-09-03T15:03:11+00:00\" \/>\n<meta property=\"og:image\" content=\"https:\/\/crearcompartir.com\/wordpress\/wp-content\/uploads\/2023\/10\/Match_Amara_Web.jpg\" \/>\n\t<meta property=\"og:image:width\" content=\"200\" \/>\n\t<meta property=\"og:image:height\" content=\"200\" \/>\n\t<meta property=\"og:image:type\" content=\"image\/jpeg\" \/>\n<meta name=\"twitter:card\" content=\"summary_large_image\" \/>\n<meta name=\"twitter:site\" content=\"@crearcompartir\" \/>\n<meta name=\"twitter:label1\" content=\"Tiempo de lectura\" \/>\n\t<meta name=\"twitter:data1\" content=\"2 minutos\" \/>\n<script type=\"application\/ld+json\" class=\"yoast-schema-graph\">{\"@context\":\"https:\\\/\\\/schema.org\",\"@graph\":[{\"@type\":\"WebPage\",\"@id\":\"https:\\\/\\\/crearcompartir.com\\\/wordpress\\\/match\\\/\",\"url\":\"https:\\\/\\\/crearcompartir.com\\\/wordpress\\\/match\\\/\",\"name\":\"\u00bfHacemos Match? - Crear Compartir\",\"isPartOf\":{\"@id\":\"https:\\\/\\\/crearcompartir.com\\\/wordpress\\\/#website\"},\"primaryImageOfPage\":{\"@id\":\"https:\\\/\\\/crearcompartir.com\\\/wordpress\\\/match\\\/#primaryimage\"},\"image\":{\"@id\":\"https:\\\/\\\/crearcompartir.com\\\/wordpress\\\/match\\\/#primaryimage\"},\"thumbnailUrl\":\"https:\\\/\\\/crearcompartir.com\\\/wordpress\\\/wp-content\\\/uploads\\\/2023\\\/10\\\/Match_Amara_Web.jpg\",\"datePublished\":\"2023-10-20T07:23:18+00:00\",\"dateModified\":\"2025-09-03T15:03:11+00:00\",\"description\":\"En Crear y Compartir hacemos Matches culturales con diversas entidades y comercios para aunar esfuerzos y crecer.\",\"breadcrumb\":{\"@id\":\"https:\\\/\\\/crearcompartir.com\\\/wordpress\\\/match\\\/#breadcrumb\"},\"inLanguage\":\"es\",\"potentialAction\":[{\"@type\":\"ReadAction\",\"target\":[\"https:\\\/\\\/crearcompartir.com\\\/wordpress\\\/match\\\/\"]}]},{\"@type\":\"ImageObject\",\"inLanguage\":\"es\",\"@id\":\"https:\\\/\\\/crearcompartir.com\\\/wordpress\\\/match\\\/#primaryimage\",\"url\":\"https:\\\/\\\/crearcompartir.com\\\/wordpress\\\/wp-content\\\/uploads\\\/2023\\\/10\\\/Match_Amara_Web.jpg\",\"contentUrl\":\"https:\\\/\\\/crearcompartir.com\\\/wordpress\\\/wp-content\\\/uploads\\\/2023\\\/10\\\/Match_Amara_Web.jpg\",\"width\":200,\"height\":200},{\"@type\":\"BreadcrumbList\",\"@id\":\"https:\\\/\\\/crearcompartir.com\\\/wordpress\\\/match\\\/#breadcrumb\",\"itemListElement\":[{\"@type\":\"ListItem\",\"position\":1,\"name\":\"Portada\",\"item\":\"https:\\\/\\\/crearcompartir.com\\\/wordpress\\\/\"},{\"@type\":\"ListItem\",\"position\":2,\"name\":\"\u00bfHacemos Match?\"}]},{\"@type\":\"WebSite\",\"@id\":\"https:\\\/\\\/crearcompartir.com\\\/wordpress\\\/#website\",\"url\":\"https:\\\/\\\/crearcompartir.com\\\/wordpress\\\/\",\"name\":\"Crear Compartir\",\"description\":\"Web oficial de la entidad sociocultural Crear Compartir\",\"publisher\":{\"@id\":\"https:\\\/\\\/crearcompartir.com\\\/wordpress\\\/#organization\"},\"potentialAction\":[{\"@type\":\"SearchAction\",\"target\":{\"@type\":\"EntryPoint\",\"urlTemplate\":\"https:\\\/\\\/crearcompartir.com\\\/wordpress\\\/?s={search_term_string}\"},\"query-input\":{\"@type\":\"PropertyValueSpecification\",\"valueRequired\":true,\"valueName\":\"search_term_string\"}}],\"inLanguage\":\"es\"},{\"@type\":\"Organization\",\"@id\":\"https:\\\/\\\/crearcompartir.com\\\/wordpress\\\/#organization\",\"name\":\"Asociaci\u00f3n Crear y Compartir\",\"url\":\"https:\\\/\\\/crearcompartir.com\\\/wordpress\\\/\",\"logo\":{\"@type\":\"ImageObject\",\"inLanguage\":\"es\",\"@id\":\"https:\\\/\\\/crearcompartir.com\\\/wordpress\\\/#\\\/schema\\\/logo\\\/image\\\/\",\"url\":\"https:\\\/\\\/crearcompartir.com\\\/wordpress\\\/wp-content\\\/uploads\\\/2023\\\/10\\\/logo_transparent-e1696433415887.png\",\"contentUrl\":\"https:\\\/\\\/crearcompartir.com\\\/wordpress\\\/wp-content\\\/uploads\\\/2023\\\/10\\\/logo_transparent-e1696433415887.png\",\"width\":199,\"height\":131,\"caption\":\"Asociaci\u00f3n Crear y Compartir\"},\"image\":{\"@id\":\"https:\\\/\\\/crearcompartir.com\\\/wordpress\\\/#\\\/schema\\\/logo\\\/image\\\/\"},\"sameAs\":[\"https:\\\/\\\/www.facebook.com\\\/profile.php?id=100093587113765\",\"https:\\\/\\\/x.com\\\/crearcompartir\",\"https:\\\/\\\/www.instagram.com\\\/crearcompartir\\\/\"]}]}<\/script>\n<!-- \/ Yoast SEO plugin. -->","yoast_head_json":{"title":"\u00bfHacemos Match? - Crear Compartir","description":"En Crear y Compartir hacemos Matches culturales con diversas entidades y comercios para aunar esfuerzos y crecer.","robots":{"index":"index","follow":"follow","max-snippet":"max-snippet:-1","max-image-preview":"max-image-preview:large","max-video-preview":"max-video-preview:-1"},"canonical":"https:\/\/crearcompartir.com\/wordpress\/match\/","og_locale":"es_ES","og_type":"article","og_title":"\u00bfHacemos Match? - Crear Compartir","og_description":"En Crear y Compartir hacemos Matches culturales con diversas entidades y comercios para aunar esfuerzos y crecer.","og_url":"https:\/\/crearcompartir.com\/wordpress\/match\/","og_site_name":"Crear Compartir","article_publisher":"https:\/\/www.facebook.com\/profile.php?id=100093587113765","article_modified_time":"2025-09-03T15:03:11+00:00","og_image":[{"width":200,"height":200,"url":"https:\/\/crearcompartir.com\/wordpress\/wp-content\/uploads\/2023\/10\/Match_Amara_Web.jpg","type":"image\/jpeg"}],"twitter_card":"summary_large_image","twitter_site":"@crearcompartir","twitter_misc":{"Tiempo de lectura":"2 minutos"},"schema":{"@context":"https:\/\/schema.org","@graph":[{"@type":"WebPage","@id":"https:\/\/crearcompartir.com\/wordpress\/match\/","url":"https:\/\/crearcompartir.com\/wordpress\/match\/","name":"\u00bfHacemos Match? - Crear Compartir","isPartOf":{"@id":"https:\/\/crearcompartir.com\/wordpress\/#website"},"primaryImageOfPage":{"@id":"https:\/\/crearcompartir.com\/wordpress\/match\/#primaryimage"},"image":{"@id":"https:\/\/crearcompartir.com\/wordpress\/match\/#primaryimage"},"thumbnailUrl":"https:\/\/crearcompartir.com\/wordpress\/wp-content\/uploads\/2023\/10\/Match_Amara_Web.jpg","datePublished":"2023-10-20T07:23:18+00:00","dateModified":"2025-09-03T15:03:11+00:00","description":"En Crear y Compartir hacemos Matches culturales con diversas entidades y comercios para aunar esfuerzos y crecer.","breadcrumb":{"@id":"https:\/\/crearcompartir.com\/wordpress\/match\/#breadcrumb"},"inLanguage":"es","potentialAction":[{"@type":"ReadAction","target":["https:\/\/crearcompartir.com\/wordpress\/match\/"]}]},{"@type":"ImageObject","inLanguage":"es","@id":"https:\/\/crearcompartir.com\/wordpress\/match\/#primaryimage","url":"https:\/\/crearcompartir.com\/wordpress\/wp-content\/uploads\/2023\/10\/Match_Amara_Web.jpg","contentUrl":"https:\/\/crearcompartir.com\/wordpress\/wp-content\/uploads\/2023\/10\/Match_Amara_Web.jpg","width":200,"height":200},{"@type":"BreadcrumbList","@id":"https:\/\/crearcompartir.com\/wordpress\/match\/#breadcrumb","itemListElement":[{"@type":"ListItem","position":1,"name":"Portada","item":"https:\/\/crearcompartir.com\/wordpress\/"},{"@type":"ListItem","position":2,"name":"\u00bfHacemos Match?"}]},{"@type":"WebSite","@id":"https:\/\/crearcompartir.com\/wordpress\/#website","url":"https:\/\/crearcompartir.com\/wordpress\/","name":"Crear Compartir","description":"Web oficial de la entidad sociocultural Crear Compartir","publisher":{"@id":"https:\/\/crearcompartir.com\/wordpress\/#organization"},"potentialAction":[{"@type":"SearchAction","target":{"@type":"EntryPoint","urlTemplate":"https:\/\/crearcompartir.com\/wordpress\/?s={search_term_string}"},"query-input":{"@type":"PropertyValueSpecification","valueRequired":true,"valueName":"search_term_string"}}],"inLanguage":"es"},{"@type":"Organization","@id":"https:\/\/crearcompartir.com\/wordpress\/#organization","name":"Asociaci\u00f3n Crear y Compartir","url":"https:\/\/crearcompartir.com\/wordpress\/","logo":{"@type":"ImageObject","inLanguage":"es","@id":"https:\/\/crearcompartir.com\/wordpress\/#\/schema\/logo\/image\/","url":"https:\/\/crearcompartir.com\/wordpress\/wp-content\/uploads\/2023\/10\/logo_transparent-e1696433415887.png","contentUrl":"https:\/\/crearcompartir.com\/wordpress\/wp-content\/uploads\/2023\/10\/logo_transparent-e1696433415887.png","width":199,"height":131,"caption":"Asociaci\u00f3n Crear y Compartir"},"image":{"@id":"https:\/\/crearcompartir.com\/wordpress\/#\/schema\/logo\/image\/"},"sameAs":["https:\/\/www.facebook.com\/profile.php?id=100093587113765","https:\/\/x.com\/crearcompartir","https:\/\/www.instagram.com\/crearcompartir\/"]}]}},"jetpack_sharing_enabled":true,"_links":{"self":[{"href":"https:\/\/crearcompartir.com\/wordpress\/wp-json\/wp\/v2\/pages\/150","targetHints":{"allow":["GET"]}}],"collection":[{"href":"https:\/\/crearcompartir.com\/wordpress\/wp-json\/wp\/v2\/pages"}],"about":[{"href":"https:\/\/crearcompartir.com\/wordpress\/wp-json\/wp\/v2\/types\/page"}],"author":[{"embeddable":true,"href":"https:\/\/crearcompartir.com\/wordpress\/wp-json\/wp\/v2\/users\/1"}],"replies":[{"embeddable":true,"href":"https:\/\/crearcompartir.com\/wordpress\/wp-json\/wp\/v2\/comments?post=150"}],"version-history":[{"count":13,"href":"https:\/\/crearcompartir.com\/wordpress\/wp-json\/wp\/v2\/pages\/150\/revisions"}],"predecessor-version":[{"id":884,"href":"https:\/\/crearcompartir.com\/wordpress\/wp-json\/wp\/v2\/pages\/150\/revisions\/884"}],"wp:attachment":[{"href":"https:\/\/crearcompartir.com\/wordpress\/wp-json\/wp\/v2\/media?parent=150"}],"curies":[{"name":"wp","href":"https:\/\/api.w.org\/{rel}","templated":true}]}}