{"id":165,"date":"2023-10-20T09:53:24","date_gmt":"2023-10-20T07:53:24","guid":{"rendered":"https:\/\/crearcompartir.com\/wordpress\/?page_id=165"},"modified":"2024-08-22T18:59:54","modified_gmt":"2024-08-22T16:59:54","slug":"colaboraciones","status":"publish","type":"page","link":"https:\/\/crearcompartir.com\/wordpress\/colaboraciones\/","title":{"rendered":"Colaboraciones"},"content":{"rendered":"\n<p>En Crear y Compartir contamos con varios colaboradores que, con su talento, suman y ayudan a la realizaci\u00f3n y desarrollo de este proyecto.<\/p>\n\n\n\n<ul class=\"wp-block-list\">\n<li>Adam Continente &#8211; <a href=\"https:\/\/www.instagram.com\/ghostyyw6\/\" target=\"_blank\" rel=\"noopener\">@ghostyyw6<\/a><\/li>\n<\/ul>\n\n\n\n<p class=\"has-text-align-justify\">Dibujante de comics. Es el autor del dise\u00f1o de los logos de nuestra entidad Crear y Compartir y de nuestro local ENCUENTRO<\/p>\n\n\n\n<ul class=\"wp-block-list\">\n<li>Sonia Ochoa &#8211; <a href=\"https:\/\/www.instagram.com\/soniao\/\" target=\"_blank\" rel=\"noopener\">@soniao<\/a><\/li>\n<\/ul>\n\n\n\n<p class=\"has-text-align-justify\">Fot\u00f3grafa de conciertos. Dise\u00f1a los carteles y realiza fotograf\u00edas de nuestros eventos.<\/p>\n\n\n\n<p>Es autora de la publicaci\u00f3n digital de fotograf\u00edas <a href=\"http:\/\/www.photoshows.es\" target=\"_blank\" rel=\"noopener\">www.photoshows.es<\/a><\/p>\n\n\n\n<ul class=\"wp-block-list\">\n<li>Rosal\u00eda Garc\u00eda  &#8211; <a href=\"https:\/\/www.instagram.com\/soniao\/\" target=\"_blank\" rel=\"noopener\">@dekodtails<\/a><\/li>\n<\/ul>\n\n\n\n<p>Fundadora de la tienda online de detalles personalizados Dekodtails, es la autora de nuestro ic\u00f3nico cartel de ENCUENTRO y de nuestros llaveros. M\u00e1s informaci\u00f3n en <a href=\"https:\/\/dekodetails.com\/\" target=\"_blank\" rel=\"noreferrer noopener\">www.dekodtails.com<\/a><\/p>\n\n\n\n<p><\/p>\n","protected":false},"excerpt":{"rendered":"<p>En Crear y Compartir contamos con varios colaboradores que, con su talento, suman y ayudan a la realizaci\u00f3n y desarrollo de este proyecto. Dibujante de comics. Es el autor del dise\u00f1o de los logos de nuestra entidad Crear y Compartir y de nuestro local ENCUENTRO Fot\u00f3grafa de conciertos. Dise\u00f1a los carteles y realiza fotograf\u00edas de [&hellip;]<\/p>\n","protected":false},"author":1,"featured_media":0,"parent":0,"menu_order":0,"comment_status":"closed","ping_status":"closed","template":"","meta":{"footnotes":""},"class_list":["post-165","page","type-page","status-publish","hentry","post"],"yoast_head":"<!-- This site is optimized with the Yoast SEO plugin v27.4 - https:\/\/yoast.com\/product\/yoast-seo-wordpress\/ -->\n<title>Colaboraciones - Crear Compartir<\/title>\n<meta name=\"description\" content=\"Art\u00edculo que se\u00f1ala las colaboraciones de CREAR Y COMPARTIR, una entidad que se nutre de la suma de varios talentos.\" \/>\n<meta name=\"robots\" content=\"index, follow, max-snippet:-1, max-image-preview:large, max-video-preview:-1\" \/>\n<link rel=\"canonical\" href=\"https:\/\/crearcompartir.com\/wordpress\/colaboraciones\/\" \/>\n<meta property=\"og:locale\" content=\"es_ES\" \/>\n<meta property=\"og:type\" content=\"article\" \/>\n<meta property=\"og:title\" content=\"Colaboraciones - Crear Compartir\" \/>\n<meta property=\"og:description\" content=\"Art\u00edculo que se\u00f1ala las colaboraciones de CREAR Y COMPARTIR, una entidad que se nutre de la suma de varios talentos.\" \/>\n<meta property=\"og:url\" content=\"https:\/\/crearcompartir.com\/wordpress\/colaboraciones\/\" \/>\n<meta property=\"og:site_name\" content=\"Crear Compartir\" \/>\n<meta property=\"article:publisher\" content=\"https:\/\/www.facebook.com\/profile.php?id=100093587113765\" \/>\n<meta property=\"article:modified_time\" content=\"2024-08-22T16:59:54+00:00\" \/>\n<meta property=\"og:image\" content=\"https:\/\/crearcompartir.com\/wordpress\/wp-content\/uploads\/2023\/10\/LogoCC_SEO.jpg\" \/>\n\t<meta property=\"og:image:width\" content=\"1200\" \/>\n\t<meta property=\"og:image:height\" content=\"675\" \/>\n\t<meta property=\"og:image:type\" content=\"image\/jpeg\" \/>\n<meta name=\"twitter:card\" content=\"summary_large_image\" \/>\n<meta name=\"twitter:site\" content=\"@crearcompartir\" \/>\n<meta name=\"twitter:label1\" content=\"Tiempo de lectura\" \/>\n\t<meta name=\"twitter:data1\" content=\"1 minuto\" \/>\n<script type=\"application\/ld+json\" class=\"yoast-schema-graph\">{\"@context\":\"https:\\\/\\\/schema.org\",\"@graph\":[{\"@type\":\"WebPage\",\"@id\":\"https:\\\/\\\/crearcompartir.com\\\/wordpress\\\/colaboraciones\\\/\",\"url\":\"https:\\\/\\\/crearcompartir.com\\\/wordpress\\\/colaboraciones\\\/\",\"name\":\"Colaboraciones - Crear Compartir\",\"isPartOf\":{\"@id\":\"https:\\\/\\\/crearcompartir.com\\\/wordpress\\\/#website\"},\"datePublished\":\"2023-10-20T07:53:24+00:00\",\"dateModified\":\"2024-08-22T16:59:54+00:00\",\"description\":\"Art\u00edculo que se\u00f1ala las colaboraciones de CREAR Y COMPARTIR, una entidad que se nutre de la suma de varios talentos.\",\"breadcrumb\":{\"@id\":\"https:\\\/\\\/crearcompartir.com\\\/wordpress\\\/colaboraciones\\\/#breadcrumb\"},\"inLanguage\":\"es\",\"potentialAction\":[{\"@type\":\"ReadAction\",\"target\":[\"https:\\\/\\\/crearcompartir.com\\\/wordpress\\\/colaboraciones\\\/\"]}]},{\"@type\":\"BreadcrumbList\",\"@id\":\"https:\\\/\\\/crearcompartir.com\\\/wordpress\\\/colaboraciones\\\/#breadcrumb\",\"itemListElement\":[{\"@type\":\"ListItem\",\"position\":1,\"name\":\"Portada\",\"item\":\"https:\\\/\\\/crearcompartir.com\\\/wordpress\\\/\"},{\"@type\":\"ListItem\",\"position\":2,\"name\":\"Colaboraciones\"}]},{\"@type\":\"WebSite\",\"@id\":\"https:\\\/\\\/crearcompartir.com\\\/wordpress\\\/#website\",\"url\":\"https:\\\/\\\/crearcompartir.com\\\/wordpress\\\/\",\"name\":\"Crear Compartir\",\"description\":\"Web oficial de la entidad sociocultural Crear Compartir\",\"publisher\":{\"@id\":\"https:\\\/\\\/crearcompartir.com\\\/wordpress\\\/#organization\"},\"potentialAction\":[{\"@type\":\"SearchAction\",\"target\":{\"@type\":\"EntryPoint\",\"urlTemplate\":\"https:\\\/\\\/crearcompartir.com\\\/wordpress\\\/?s={search_term_string}\"},\"query-input\":{\"@type\":\"PropertyValueSpecification\",\"valueRequired\":true,\"valueName\":\"search_term_string\"}}],\"inLanguage\":\"es\"},{\"@type\":\"Organization\",\"@id\":\"https:\\\/\\\/crearcompartir.com\\\/wordpress\\\/#organization\",\"name\":\"Asociaci\u00f3n Crear y Compartir\",\"url\":\"https:\\\/\\\/crearcompartir.com\\\/wordpress\\\/\",\"logo\":{\"@type\":\"ImageObject\",\"inLanguage\":\"es\",\"@id\":\"https:\\\/\\\/crearcompartir.com\\\/wordpress\\\/#\\\/schema\\\/logo\\\/image\\\/\",\"url\":\"https:\\\/\\\/crearcompartir.com\\\/wordpress\\\/wp-content\\\/uploads\\\/2023\\\/10\\\/logo_transparent-e1696433415887.png\",\"contentUrl\":\"https:\\\/\\\/crearcompartir.com\\\/wordpress\\\/wp-content\\\/uploads\\\/2023\\\/10\\\/logo_transparent-e1696433415887.png\",\"width\":199,\"height\":131,\"caption\":\"Asociaci\u00f3n Crear y Compartir\"},\"image\":{\"@id\":\"https:\\\/\\\/crearcompartir.com\\\/wordpress\\\/#\\\/schema\\\/logo\\\/image\\\/\"},\"sameAs\":[\"https:\\\/\\\/www.facebook.com\\\/profile.php?id=100093587113765\",\"https:\\\/\\\/x.com\\\/crearcompartir\",\"https:\\\/\\\/www.instagram.com\\\/crearcompartir\\\/\"]}]}<\/script>\n<!-- \/ Yoast SEO plugin. -->","yoast_head_json":{"title":"Colaboraciones - Crear Compartir","description":"Art\u00edculo que se\u00f1ala las colaboraciones de CREAR Y COMPARTIR, una entidad que se nutre de la suma de varios talentos.","robots":{"index":"index","follow":"follow","max-snippet":"max-snippet:-1","max-image-preview":"max-image-preview:large","max-video-preview":"max-video-preview:-1"},"canonical":"https:\/\/crearcompartir.com\/wordpress\/colaboraciones\/","og_locale":"es_ES","og_type":"article","og_title":"Colaboraciones - Crear Compartir","og_description":"Art\u00edculo que se\u00f1ala las colaboraciones de CREAR Y COMPARTIR, una entidad que se nutre de la suma de varios talentos.","og_url":"https:\/\/crearcompartir.com\/wordpress\/colaboraciones\/","og_site_name":"Crear Compartir","article_publisher":"https:\/\/www.facebook.com\/profile.php?id=100093587113765","article_modified_time":"2024-08-22T16:59:54+00:00","og_image":[{"width":1200,"height":675,"url":"https:\/\/crearcompartir.com\/wordpress\/wp-content\/uploads\/2023\/10\/LogoCC_SEO.jpg","type":"image\/jpeg"}],"twitter_card":"summary_large_image","twitter_site":"@crearcompartir","twitter_misc":{"Tiempo de lectura":"1 minuto"},"schema":{"@context":"https:\/\/schema.org","@graph":[{"@type":"WebPage","@id":"https:\/\/crearcompartir.com\/wordpress\/colaboraciones\/","url":"https:\/\/crearcompartir.com\/wordpress\/colaboraciones\/","name":"Colaboraciones - Crear Compartir","isPartOf":{"@id":"https:\/\/crearcompartir.com\/wordpress\/#website"},"datePublished":"2023-10-20T07:53:24+00:00","dateModified":"2024-08-22T16:59:54+00:00","description":"Art\u00edculo que se\u00f1ala las colaboraciones de CREAR Y COMPARTIR, una entidad que se nutre de la suma de varios talentos.","breadcrumb":{"@id":"https:\/\/crearcompartir.com\/wordpress\/colaboraciones\/#breadcrumb"},"inLanguage":"es","potentialAction":[{"@type":"ReadAction","target":["https:\/\/crearcompartir.com\/wordpress\/colaboraciones\/"]}]},{"@type":"BreadcrumbList","@id":"https:\/\/crearcompartir.com\/wordpress\/colaboraciones\/#breadcrumb","itemListElement":[{"@type":"ListItem","position":1,"name":"Portada","item":"https:\/\/crearcompartir.com\/wordpress\/"},{"@type":"ListItem","position":2,"name":"Colaboraciones"}]},{"@type":"WebSite","@id":"https:\/\/crearcompartir.com\/wordpress\/#website","url":"https:\/\/crearcompartir.com\/wordpress\/","name":"Crear Compartir","description":"Web oficial de la entidad sociocultural Crear Compartir","publisher":{"@id":"https:\/\/crearcompartir.com\/wordpress\/#organization"},"potentialAction":[{"@type":"SearchAction","target":{"@type":"EntryPoint","urlTemplate":"https:\/\/crearcompartir.com\/wordpress\/?s={search_term_string}"},"query-input":{"@type":"PropertyValueSpecification","valueRequired":true,"valueName":"search_term_string"}}],"inLanguage":"es"},{"@type":"Organization","@id":"https:\/\/crearcompartir.com\/wordpress\/#organization","name":"Asociaci\u00f3n Crear y Compartir","url":"https:\/\/crearcompartir.com\/wordpress\/","logo":{"@type":"ImageObject","inLanguage":"es","@id":"https:\/\/crearcompartir.com\/wordpress\/#\/schema\/logo\/image\/","url":"https:\/\/crearcompartir.com\/wordpress\/wp-content\/uploads\/2023\/10\/logo_transparent-e1696433415887.png","contentUrl":"https:\/\/crearcompartir.com\/wordpress\/wp-content\/uploads\/2023\/10\/logo_transparent-e1696433415887.png","width":199,"height":131,"caption":"Asociaci\u00f3n Crear y Compartir"},"image":{"@id":"https:\/\/crearcompartir.com\/wordpress\/#\/schema\/logo\/image\/"},"sameAs":["https:\/\/www.facebook.com\/profile.php?id=100093587113765","https:\/\/x.com\/crearcompartir","https:\/\/www.instagram.com\/crearcompartir\/"]}]}},"jetpack_sharing_enabled":true,"_links":{"self":[{"href":"https:\/\/crearcompartir.com\/wordpress\/wp-json\/wp\/v2\/pages\/165","targetHints":{"allow":["GET"]}}],"collection":[{"href":"https:\/\/crearcompartir.com\/wordpress\/wp-json\/wp\/v2\/pages"}],"about":[{"href":"https:\/\/crearcompartir.com\/wordpress\/wp-json\/wp\/v2\/types\/page"}],"author":[{"embeddable":true,"href":"https:\/\/crearcompartir.com\/wordpress\/wp-json\/wp\/v2\/users\/1"}],"replies":[{"embeddable":true,"href":"https:\/\/crearcompartir.com\/wordpress\/wp-json\/wp\/v2\/comments?post=165"}],"version-history":[{"count":5,"href":"https:\/\/crearcompartir.com\/wordpress\/wp-json\/wp\/v2\/pages\/165\/revisions"}],"predecessor-version":[{"id":587,"href":"https:\/\/crearcompartir.com\/wordpress\/wp-json\/wp\/v2\/pages\/165\/revisions\/587"}],"wp:attachment":[{"href":"https:\/\/crearcompartir.com\/wordpress\/wp-json\/wp\/v2\/media?parent=165"}],"curies":[{"name":"wp","href":"https:\/\/api.w.org\/{rel}","templated":true}]}}