{"id":2,"date":"2023-06-09T15:05:10","date_gmt":"2023-06-09T15:05:10","guid":{"rendered":"http:\/\/crearcompartir.com\/wordpress\/?page_id=2"},"modified":"2023-11-17T14:49:34","modified_gmt":"2023-11-17T12:49:34","slug":"pagina-ejemplo","status":"publish","type":"page","link":"https:\/\/crearcompartir.com\/wordpress\/pagina-ejemplo\/","title":{"rendered":"\u00bfQui\u00e9nes somos?"},"content":{"rendered":"\n<figure class=\"wp-block-image size-full\"><img loading=\"lazy\" decoding=\"async\" width=\"1000\" height=\"667\" src=\"https:\/\/crearcompartir.com\/wordpress\/wp-content\/uploads\/2023\/10\/fotoCCNdP.jpg\" alt=\"\" class=\"wp-image-28\" srcset=\"https:\/\/crearcompartir.com\/wordpress\/wp-content\/uploads\/2023\/10\/fotoCCNdP.jpg 1000w, https:\/\/crearcompartir.com\/wordpress\/wp-content\/uploads\/2023\/10\/fotoCCNdP-300x200.jpg 300w, https:\/\/crearcompartir.com\/wordpress\/wp-content\/uploads\/2023\/10\/fotoCCNdP-768x512.jpg 768w, https:\/\/crearcompartir.com\/wordpress\/wp-content\/uploads\/2023\/10\/fotoCCNdP-272x182.jpg 272w\" sizes=\"auto, (max-width: 1000px) 100vw, 1000px\" \/><figcaption class=\"wp-element-caption\"><em>\u00a9 Sonia Ochoa<\/em><\/figcaption><\/figure>\n\n\n\n<p><strong>Carol Luque<\/strong> es directiva desde hace m\u00e1s de 20 a\u00f1os en una empresa familiar y catalana del entorno.<\/p>\n\n\n\n<p><strong>Marisol Gonz\u00e1lez<\/strong> ha estado vinculada con el mundo de la comunicaci\u00f3n y la promoci\u00f3n cultural desde 1996, trabajando con compa\u00f1\u00edas como El Musical + Petit y La Perla 29. Fue cofundadora i codirectora de todoMUSICALES.com, en 2018 produjo en NunArt ORIGINALS, II Cicle de Compositors Catalans de Teatre Musical y de 2017 a 2022 produjo el concierto solidario AMOR X AMOR. En 2021 public\u00f3 su primer libro <em><a href=\"https:\/\/www.amazon.es\/EL-VERBO-AMAR-camino-desapego\/dp\/B09HG6C5DK\">&#8216;EL VERBO AMAR y el camino hacia el desapego&#8217;<\/a><\/em>.<\/p>\n\n\n\n<p>&gt;&gt; <a href=\"https:\/\/crearcompartir.com\/wordpress\/match\/\">\u00bfHacemos Match?<\/a><\/p>\n\n\n\n<p>&gt;&gt; <a href=\"https:\/\/crearcompartir.com\/wordpress\/colaboraciones\/\">Colaboraciones<\/a><\/p>\n","protected":false},"excerpt":{"rendered":"<p>Carol Luque es directiva desde hace m\u00e1s de 20 a\u00f1os en una empresa familiar y catalana del entorno. Marisol Gonz\u00e1lez ha estado vinculada con el mundo de la comunicaci\u00f3n y la promoci\u00f3n cultural desde 1996, trabajando con compa\u00f1\u00edas como El Musical + Petit y La Perla 29. Fue cofundadora i codirectora de todoMUSICALES.com, en 2018 [&hellip;]<\/p>\n","protected":false},"author":1,"featured_media":0,"parent":0,"menu_order":0,"comment_status":"closed","ping_status":"open","template":"","meta":{"footnotes":""},"class_list":["post-2","page","type-page","status-publish","hentry","post"],"yoast_head":"<!-- This site is optimized with the Yoast SEO plugin v27.3 - https:\/\/yoast.com\/product\/yoast-seo-wordpress\/ -->\n<title>\u00bfQui\u00e9nes somos? - Crear Compartir<\/title>\n<meta name=\"description\" content=\"Carol Luque y Marisol Gonz\u00e1lez son las creadoras de la entidad sociocultural Crear i Compartir y de su local Encuentro.\" \/>\n<meta name=\"robots\" content=\"index, follow, max-snippet:-1, max-image-preview:large, max-video-preview:-1\" \/>\n<link rel=\"canonical\" href=\"https:\/\/crearcompartir.com\/wordpress\/pagina-ejemplo\/\" \/>\n<meta property=\"og:locale\" content=\"es_ES\" \/>\n<meta property=\"og:type\" content=\"article\" \/>\n<meta property=\"og:title\" content=\"\u00bfQui\u00e9nes somos? - Crear Compartir\" \/>\n<meta property=\"og:description\" content=\"Carol Luque y Marisol Gonz\u00e1lez son las creadoras de la entidad sociocultural Crear i Compartir y de su local Encuentro.\" \/>\n<meta property=\"og:url\" content=\"https:\/\/crearcompartir.com\/wordpress\/pagina-ejemplo\/\" \/>\n<meta property=\"og:site_name\" content=\"Crear Compartir\" \/>\n<meta property=\"article:publisher\" content=\"https:\/\/www.facebook.com\/profile.php?id=100093587113765\" \/>\n<meta property=\"article:modified_time\" content=\"2023-11-17T12:49:34+00:00\" \/>\n<meta property=\"og:image\" content=\"https:\/\/crearcompartir.com\/wordpress\/wp-content\/uploads\/2023\/10\/fotoCCNdP.jpg\" \/>\n<meta name=\"twitter:card\" content=\"summary_large_image\" \/>\n<meta name=\"twitter:site\" content=\"@crearcompartir\" \/>\n<meta name=\"twitter:label1\" content=\"Tiempo de lectura\" \/>\n\t<meta name=\"twitter:data1\" content=\"1 minuto\" \/>\n<script type=\"application\/ld+json\" class=\"yoast-schema-graph\">{\"@context\":\"https:\\\/\\\/schema.org\",\"@graph\":[{\"@type\":\"WebPage\",\"@id\":\"https:\\\/\\\/crearcompartir.com\\\/wordpress\\\/pagina-ejemplo\\\/\",\"url\":\"https:\\\/\\\/crearcompartir.com\\\/wordpress\\\/pagina-ejemplo\\\/\",\"name\":\"\u00bfQui\u00e9nes somos? - Crear Compartir\",\"isPartOf\":{\"@id\":\"https:\\\/\\\/crearcompartir.com\\\/wordpress\\\/#website\"},\"primaryImageOfPage\":{\"@id\":\"https:\\\/\\\/crearcompartir.com\\\/wordpress\\\/pagina-ejemplo\\\/#primaryimage\"},\"image\":{\"@id\":\"https:\\\/\\\/crearcompartir.com\\\/wordpress\\\/pagina-ejemplo\\\/#primaryimage\"},\"thumbnailUrl\":\"https:\\\/\\\/crearcompartir.com\\\/wordpress\\\/wp-content\\\/uploads\\\/2023\\\/10\\\/fotoCCNdP.jpg\",\"datePublished\":\"2023-06-09T15:05:10+00:00\",\"dateModified\":\"2023-11-17T12:49:34+00:00\",\"description\":\"Carol Luque y Marisol Gonz\u00e1lez son las creadoras de la entidad sociocultural Crear i Compartir y de su local Encuentro.\",\"breadcrumb\":{\"@id\":\"https:\\\/\\\/crearcompartir.com\\\/wordpress\\\/pagina-ejemplo\\\/#breadcrumb\"},\"inLanguage\":\"es\",\"potentialAction\":[{\"@type\":\"ReadAction\",\"target\":[\"https:\\\/\\\/crearcompartir.com\\\/wordpress\\\/pagina-ejemplo\\\/\"]}]},{\"@type\":\"ImageObject\",\"inLanguage\":\"es\",\"@id\":\"https:\\\/\\\/crearcompartir.com\\\/wordpress\\\/pagina-ejemplo\\\/#primaryimage\",\"url\":\"https:\\\/\\\/crearcompartir.com\\\/wordpress\\\/wp-content\\\/uploads\\\/2023\\\/10\\\/fotoCCNdP.jpg\",\"contentUrl\":\"https:\\\/\\\/crearcompartir.com\\\/wordpress\\\/wp-content\\\/uploads\\\/2023\\\/10\\\/fotoCCNdP.jpg\",\"width\":1000,\"height\":667},{\"@type\":\"BreadcrumbList\",\"@id\":\"https:\\\/\\\/crearcompartir.com\\\/wordpress\\\/pagina-ejemplo\\\/#breadcrumb\",\"itemListElement\":[{\"@type\":\"ListItem\",\"position\":1,\"name\":\"Portada\",\"item\":\"https:\\\/\\\/crearcompartir.com\\\/wordpress\\\/\"},{\"@type\":\"ListItem\",\"position\":2,\"name\":\"\u00bfQui\u00e9nes somos?\"}]},{\"@type\":\"WebSite\",\"@id\":\"https:\\\/\\\/crearcompartir.com\\\/wordpress\\\/#website\",\"url\":\"https:\\\/\\\/crearcompartir.com\\\/wordpress\\\/\",\"name\":\"Crear Compartir\",\"description\":\"Web oficial de la entidad sociocultural Crear Compartir\",\"publisher\":{\"@id\":\"https:\\\/\\\/crearcompartir.com\\\/wordpress\\\/#organization\"},\"potentialAction\":[{\"@type\":\"SearchAction\",\"target\":{\"@type\":\"EntryPoint\",\"urlTemplate\":\"https:\\\/\\\/crearcompartir.com\\\/wordpress\\\/?s={search_term_string}\"},\"query-input\":{\"@type\":\"PropertyValueSpecification\",\"valueRequired\":true,\"valueName\":\"search_term_string\"}}],\"inLanguage\":\"es\"},{\"@type\":\"Organization\",\"@id\":\"https:\\\/\\\/crearcompartir.com\\\/wordpress\\\/#organization\",\"name\":\"Asociaci\u00f3n Crear y Compartir\",\"url\":\"https:\\\/\\\/crearcompartir.com\\\/wordpress\\\/\",\"logo\":{\"@type\":\"ImageObject\",\"inLanguage\":\"es\",\"@id\":\"https:\\\/\\\/crearcompartir.com\\\/wordpress\\\/#\\\/schema\\\/logo\\\/image\\\/\",\"url\":\"https:\\\/\\\/crearcompartir.com\\\/wordpress\\\/wp-content\\\/uploads\\\/2023\\\/10\\\/logo_transparent-e1696433415887.png\",\"contentUrl\":\"https:\\\/\\\/crearcompartir.com\\\/wordpress\\\/wp-content\\\/uploads\\\/2023\\\/10\\\/logo_transparent-e1696433415887.png\",\"width\":199,\"height\":131,\"caption\":\"Asociaci\u00f3n Crear y Compartir\"},\"image\":{\"@id\":\"https:\\\/\\\/crearcompartir.com\\\/wordpress\\\/#\\\/schema\\\/logo\\\/image\\\/\"},\"sameAs\":[\"https:\\\/\\\/www.facebook.com\\\/profile.php?id=100093587113765\",\"https:\\\/\\\/x.com\\\/crearcompartir\",\"https:\\\/\\\/www.instagram.com\\\/crearcompartir\\\/\"]}]}<\/script>\n<!-- \/ Yoast SEO plugin. -->","yoast_head_json":{"title":"\u00bfQui\u00e9nes somos? - Crear Compartir","description":"Carol Luque y Marisol Gonz\u00e1lez son las creadoras de la entidad sociocultural Crear i Compartir y de su local Encuentro.","robots":{"index":"index","follow":"follow","max-snippet":"max-snippet:-1","max-image-preview":"max-image-preview:large","max-video-preview":"max-video-preview:-1"},"canonical":"https:\/\/crearcompartir.com\/wordpress\/pagina-ejemplo\/","og_locale":"es_ES","og_type":"article","og_title":"\u00bfQui\u00e9nes somos? - Crear Compartir","og_description":"Carol Luque y Marisol Gonz\u00e1lez son las creadoras de la entidad sociocultural Crear i Compartir y de su local Encuentro.","og_url":"https:\/\/crearcompartir.com\/wordpress\/pagina-ejemplo\/","og_site_name":"Crear Compartir","article_publisher":"https:\/\/www.facebook.com\/profile.php?id=100093587113765","article_modified_time":"2023-11-17T12:49:34+00:00","og_image":[{"url":"https:\/\/crearcompartir.com\/wordpress\/wp-content\/uploads\/2023\/10\/fotoCCNdP.jpg","type":"","width":"","height":""}],"twitter_card":"summary_large_image","twitter_site":"@crearcompartir","twitter_misc":{"Tiempo de lectura":"1 minuto"},"schema":{"@context":"https:\/\/schema.org","@graph":[{"@type":"WebPage","@id":"https:\/\/crearcompartir.com\/wordpress\/pagina-ejemplo\/","url":"https:\/\/crearcompartir.com\/wordpress\/pagina-ejemplo\/","name":"\u00bfQui\u00e9nes somos? - Crear Compartir","isPartOf":{"@id":"https:\/\/crearcompartir.com\/wordpress\/#website"},"primaryImageOfPage":{"@id":"https:\/\/crearcompartir.com\/wordpress\/pagina-ejemplo\/#primaryimage"},"image":{"@id":"https:\/\/crearcompartir.com\/wordpress\/pagina-ejemplo\/#primaryimage"},"thumbnailUrl":"https:\/\/crearcompartir.com\/wordpress\/wp-content\/uploads\/2023\/10\/fotoCCNdP.jpg","datePublished":"2023-06-09T15:05:10+00:00","dateModified":"2023-11-17T12:49:34+00:00","description":"Carol Luque y Marisol Gonz\u00e1lez son las creadoras de la entidad sociocultural Crear i Compartir y de su local Encuentro.","breadcrumb":{"@id":"https:\/\/crearcompartir.com\/wordpress\/pagina-ejemplo\/#breadcrumb"},"inLanguage":"es","potentialAction":[{"@type":"ReadAction","target":["https:\/\/crearcompartir.com\/wordpress\/pagina-ejemplo\/"]}]},{"@type":"ImageObject","inLanguage":"es","@id":"https:\/\/crearcompartir.com\/wordpress\/pagina-ejemplo\/#primaryimage","url":"https:\/\/crearcompartir.com\/wordpress\/wp-content\/uploads\/2023\/10\/fotoCCNdP.jpg","contentUrl":"https:\/\/crearcompartir.com\/wordpress\/wp-content\/uploads\/2023\/10\/fotoCCNdP.jpg","width":1000,"height":667},{"@type":"BreadcrumbList","@id":"https:\/\/crearcompartir.com\/wordpress\/pagina-ejemplo\/#breadcrumb","itemListElement":[{"@type":"ListItem","position":1,"name":"Portada","item":"https:\/\/crearcompartir.com\/wordpress\/"},{"@type":"ListItem","position":2,"name":"\u00bfQui\u00e9nes somos?"}]},{"@type":"WebSite","@id":"https:\/\/crearcompartir.com\/wordpress\/#website","url":"https:\/\/crearcompartir.com\/wordpress\/","name":"Crear Compartir","description":"Web oficial de la entidad sociocultural Crear Compartir","publisher":{"@id":"https:\/\/crearcompartir.com\/wordpress\/#organization"},"potentialAction":[{"@type":"SearchAction","target":{"@type":"EntryPoint","urlTemplate":"https:\/\/crearcompartir.com\/wordpress\/?s={search_term_string}"},"query-input":{"@type":"PropertyValueSpecification","valueRequired":true,"valueName":"search_term_string"}}],"inLanguage":"es"},{"@type":"Organization","@id":"https:\/\/crearcompartir.com\/wordpress\/#organization","name":"Asociaci\u00f3n Crear y Compartir","url":"https:\/\/crearcompartir.com\/wordpress\/","logo":{"@type":"ImageObject","inLanguage":"es","@id":"https:\/\/crearcompartir.com\/wordpress\/#\/schema\/logo\/image\/","url":"https:\/\/crearcompartir.com\/wordpress\/wp-content\/uploads\/2023\/10\/logo_transparent-e1696433415887.png","contentUrl":"https:\/\/crearcompartir.com\/wordpress\/wp-content\/uploads\/2023\/10\/logo_transparent-e1696433415887.png","width":199,"height":131,"caption":"Asociaci\u00f3n Crear y Compartir"},"image":{"@id":"https:\/\/crearcompartir.com\/wordpress\/#\/schema\/logo\/image\/"},"sameAs":["https:\/\/www.facebook.com\/profile.php?id=100093587113765","https:\/\/x.com\/crearcompartir","https:\/\/www.instagram.com\/crearcompartir\/"]}]}},"jetpack_sharing_enabled":true,"_links":{"self":[{"href":"https:\/\/crearcompartir.com\/wordpress\/wp-json\/wp\/v2\/pages\/2","targetHints":{"allow":["GET"]}}],"collection":[{"href":"https:\/\/crearcompartir.com\/wordpress\/wp-json\/wp\/v2\/pages"}],"about":[{"href":"https:\/\/crearcompartir.com\/wordpress\/wp-json\/wp\/v2\/types\/page"}],"author":[{"embeddable":true,"href":"https:\/\/crearcompartir.com\/wordpress\/wp-json\/wp\/v2\/users\/1"}],"replies":[{"embeddable":true,"href":"https:\/\/crearcompartir.com\/wordpress\/wp-json\/wp\/v2\/comments?post=2"}],"version-history":[{"count":4,"href":"https:\/\/crearcompartir.com\/wordpress\/wp-json\/wp\/v2\/pages\/2\/revisions"}],"predecessor-version":[{"id":327,"href":"https:\/\/crearcompartir.com\/wordpress\/wp-json\/wp\/v2\/pages\/2\/revisions\/327"}],"wp:attachment":[{"href":"https:\/\/crearcompartir.com\/wordpress\/wp-json\/wp\/v2\/media?parent=2"}],"curies":[{"name":"wp","href":"https:\/\/api.w.org\/{rel}","templated":true}]}}