{"id":246,"date":"2023-10-24T17:31:19","date_gmt":"2023-10-24T15:31:19","guid":{"rendered":"https:\/\/crearcompartir.com\/wordpress\/?page_id=246"},"modified":"2023-10-24T17:36:28","modified_gmt":"2023-10-24T15:36:28","slug":"noticias","status":"publish","type":"page","link":"https:\/\/crearcompartir.com\/wordpress\/noticias\/","title":{"rendered":"Noticias"},"content":{"rendered":"<div id=\"pl-246\"  class=\"panel-layout\" ><div id=\"pg-246-0\"  class=\"panel-grid panel-no-style\" ><div id=\"pgc-246-0-0\"  class=\"panel-grid-cell\" ><div id=\"panel-246-0-0-0\" class=\"so-panel widget widget_siteorigin-panels-postloop panel-first-child panel-last-child\" data-index=\"0\" ><div class=\"panel-widget-style panel-widget-style-for-246-0-0-0\" >\n\t<div id=\"vantage-grid-loop\" class=\"vantage-grid-loop grid-loop-columns-4\">\n\t\t\t\t\t<article class=\"grid-post post-1013 post type-post status-publish format-standard has-post-thumbnail hentry category-eventos post-with-thumbnail post-with-thumbnail-large\">\n\n\t\t\t\t\t\t\t\t\t<a class=\"grid-thumbnail\" href=\"https:\/\/crearcompartir.com\/wordpress\/gran-exit-de-la-i-calcotada-popular-dabrera\/\">\n\t\t\t\t\t\t<img loading=\"lazy\" decoding=\"async\" width=\"436\" height=\"272\" src=\"https:\/\/crearcompartir.com\/wordpress\/wp-content\/uploads\/2026\/03\/calcotada1-436x272.jpg\" class=\"attachment-vantage-grid-loop size-vantage-grid-loop wp-post-image\" alt=\"\" \/>\t\t\t\t\t<\/a>\n\t\t\t\t\n\t\t\t\t<h3><a href=\"https:\/\/crearcompartir.com\/wordpress\/gran-exit-de-la-i-calcotada-popular-dabrera\/\">Gran \u00e8xit de la I Cal\u00e7otada Popular d&#8217;Abrera<\/a><\/h3>\n\t\t\t\t<div class=\"excerpt\"><p>El diumenge 22 de mar\u00e7 de 2026, el Parc de Can Morral va acollir la I Cal\u00e7otada Popular d\u2019Abrera, organitzada per l\u2019Associaci\u00f3 Crea Jove\u2019s i l\u2019Associaci\u00f3 Crear i Compartir, amb la col\u00b7laboraci\u00f3 de l\u2019Ajuntament d\u2019Abrera. La convocat\u00f2ria va ser tot un \u00e8xit: m\u00e9s de 400 persones van participar en la jornada, amb els tiquets esgotats [&hellip;]<\/p>\n<\/div>\n\t\t\t\t\t\t\t\t<a class=\"more-button\" href=\"https:\/\/crearcompartir.com\/wordpress\/gran-exit-de-la-i-calcotada-popular-dabrera\/\">Leer m\u00e1s <i><\/i><\/a>\t\t\t<\/article>\n\t\t\t\t\t\t<article class=\"grid-post post-982 post type-post status-publish format-standard has-post-thumbnail hentry category-monologos post-with-thumbnail post-with-thumbnail-large\">\n\n\t\t\t\t\t\t\t\t\t<a class=\"grid-thumbnail\" href=\"https:\/\/crearcompartir.com\/wordpress\/el-cicle-de-monolegs-los-vermutantes-es-presenta-a-la-sala-encuentro\/\">\n\t\t\t\t\t\t<img loading=\"lazy\" decoding=\"async\" width=\"436\" height=\"272\" src=\"https:\/\/crearcompartir.com\/wordpress\/wp-content\/uploads\/2026\/01\/LosVermutantes_noti.jpg\" class=\"attachment-vantage-grid-loop size-vantage-grid-loop wp-post-image\" alt=\"\" srcset=\"https:\/\/crearcompartir.com\/wordpress\/wp-content\/uploads\/2026\/01\/LosVermutantes_noti.jpg 436w, https:\/\/crearcompartir.com\/wordpress\/wp-content\/uploads\/2026\/01\/LosVermutantes_noti-300x187.jpg 300w\" sizes=\"auto, (max-width: 436px) 100vw, 436px\" \/>\t\t\t\t\t<\/a>\n\t\t\t\t\n\t\t\t\t<h3><a href=\"https:\/\/crearcompartir.com\/wordpress\/el-cicle-de-monolegs-los-vermutantes-es-presenta-a-la-sala-encuentro\/\">El cicle de mon\u00f2legs Los VERMUTantes es presenta a la Sala ENCUENTRO<\/a><\/h3>\n\t\t\t\t<div class=\"excerpt\"><p>L&#8217;humorista Edu Mutante torna a la Sala ENCUENTRO d&#8217;Abrera per presentar un nou cicle de mon\u00f2legs els dissabtes al migdia, a l&#8217;hora del vermut. Sota el t\u00edtol de Los VERMUTantes, Edu Mutante estar\u00e0 acompanyat un dissabte de cada mes per un humorista diferent, mostrant el gran nivell de monologuistes que tenim actualment al nostre pa\u00eds. [&hellip;]<\/p>\n<\/div>\n\t\t\t\t\t\t\t\t<a class=\"more-button\" href=\"https:\/\/crearcompartir.com\/wordpress\/el-cicle-de-monolegs-los-vermutantes-es-presenta-a-la-sala-encuentro\/\">Leer m\u00e1s <i><\/i><\/a>\t\t\t<\/article>\n\t\t\t\t\t\t<article class=\"grid-post post-902 post type-post status-publish format-standard has-post-thumbnail hentry category-sin-categoria post-with-thumbnail post-with-thumbnail-large\">\n\n\t\t\t\t\t\t\t\t\t<a class=\"grid-thumbnail\" href=\"https:\/\/crearcompartir.com\/wordpress\/sanuncia-la-programacio-de-la-tercera-temporada-de-la-sala-encuentro\/\">\n\t\t\t\t\t\t<img loading=\"lazy\" decoding=\"async\" width=\"436\" height=\"272\" src=\"https:\/\/crearcompartir.com\/wordpress\/wp-content\/uploads\/2025\/09\/MusicCom-436x272.jpg\" class=\"attachment-vantage-grid-loop size-vantage-grid-loop wp-post-image\" alt=\"\" \/>\t\t\t\t\t<\/a>\n\t\t\t\t\n\t\t\t\t<h3><a href=\"https:\/\/crearcompartir.com\/wordpress\/sanuncia-la-programacio-de-la-tercera-temporada-de-la-sala-encuentro\/\">S&#8217;anuncia la programaci\u00f3 de la tercera temporada de la Sala ENCUENTRO<\/a><\/h3>\n\t\t\t\t<div class=\"excerpt\"><p>Dissabte 4 d\u2019octubre de 2025 a les 19.30h l&#8217;Associaci\u00f3 sociocultural Crear i Compartir d&#8217;Abrera obre la seva tercera temporada cultural amb un espectacle gratu\u00eft de M\u00daSICA I COM\u00c8DIA a l&#8217;aire lliure que tindr\u00e0 lloc a la Pl. Rafael Casanova d&#8217;Abrera. La proposta esc\u00e8nica est\u00e0 protagonitzada per l\u2019humorista Pablez i per la banda emergent GAFE. Seguint [&hellip;]<\/p>\n<\/div>\n\t\t\t\t\t\t\t\t<a class=\"more-button\" href=\"https:\/\/crearcompartir.com\/wordpress\/sanuncia-la-programacio-de-la-tercera-temporada-de-la-sala-encuentro\/\">Leer m\u00e1s <i><\/i><\/a>\t\t\t<\/article>\n\t\t\t\t\t\t<article class=\"grid-post post-785 post type-post status-publish format-standard has-post-thumbnail hentry category-sin-categoria post-with-thumbnail post-with-thumbnail-large\">\n\n\t\t\t\t\t\t\t\t\t<a class=\"grid-thumbnail\" href=\"https:\/\/crearcompartir.com\/wordpress\/encuentro-acull-la-segona-edicio-de-showcase-laparador-dartistes-emergents\/\">\n\t\t\t\t\t\t<img loading=\"lazy\" decoding=\"async\" width=\"436\" height=\"272\" src=\"https:\/\/crearcompartir.com\/wordpress\/wp-content\/uploads\/2025\/01\/showcase2-436x272.jpg\" class=\"attachment-vantage-grid-loop size-vantage-grid-loop wp-post-image\" alt=\"\" \/>\t\t\t\t\t<\/a>\n\t\t\t\t\n\t\t\t\t<h3><a href=\"https:\/\/crearcompartir.com\/wordpress\/encuentro-acull-la-segona-edicio-de-showcase-laparador-dartistes-emergents\/\">ENCUENTRO acull la Segona edici\u00f3 de SHOWCASE: l&#8217;aparador d&#8217;artistes emergents<\/a><\/h3>\n\t\t\t\t<div class=\"excerpt\"><p>A la primera edici\u00f3 celebrada el 2024 van participar artistes com Matilda Mirana, Eva Fort, de los Jardines o Erin Hyvin Despr\u00e9s de l&#8217;\u00e8xit de la seva primera edici\u00f3,\u00a0Sonder Produccions\u00a0i l\u2019Associaci\u00f3 Crear i Compartir\u00a0presenten una segona temporada de\u00a0SHOWCASE. En aquesta mostra, que tindr\u00e0 lloc al municipi d\u2019Abrera, continuarem sent testimonis dels debuts de noves promeses [&hellip;]<\/p>\n<\/div>\n\t\t\t\t\t\t\t\t<a class=\"more-button\" href=\"https:\/\/crearcompartir.com\/wordpress\/encuentro-acull-la-segona-edicio-de-showcase-laparador-dartistes-emergents\/\">Leer m\u00e1s <i><\/i><\/a>\t\t\t<\/article>\n\t\t\t\t\t\t\t<div class=\"clear\"><\/div>\n\t\t\t\t\t\t\t<article class=\"grid-post post-780 post type-post status-publish format-standard has-post-thumbnail hentry category-sin-categoria post-with-thumbnail post-with-thumbnail-large\">\n\n\t\t\t\t\t\t\t\t\t<a class=\"grid-thumbnail\" href=\"https:\/\/crearcompartir.com\/wordpress\/exitazo-del-ii-bingo-social-y-cultural\/\">\n\t\t\t\t\t\t<img loading=\"lazy\" decoding=\"async\" width=\"436\" height=\"272\" src=\"https:\/\/crearcompartir.com\/wordpress\/wp-content\/uploads\/2025\/01\/BINGO_2024-436x272.png\" class=\"attachment-vantage-grid-loop size-vantage-grid-loop wp-post-image\" alt=\"\" \/>\t\t\t\t\t<\/a>\n\t\t\t\t\n\t\t\t\t<h3><a href=\"https:\/\/crearcompartir.com\/wordpress\/exitazo-del-ii-bingo-social-y-cultural\/\">Exitazo del II Bingo Social y Cultural<\/a><\/h3>\n\t\t\t\t<div class=\"excerpt\"><p>El 28 de diciembre de 2024 Crear i Compartir organiz\u00f3 el II Bingo Social y Cultural con la colaboraci\u00f3n de diferentes comercios de Abrera, algunos de ellos integrados en la asociaci\u00f3n de Botiguers i Serveis d&#8217;Abrera. El evento cont\u00f3 nuevamente con la participaci\u00f3n del int\u00e9rprete catal\u00e1n Joaqu\u00edn Catal\u00e1n (ABBA Experience) como Maestro de Ceremonias. Los [&hellip;]<\/p>\n<\/div>\n\t\t\t\t\t\t\t\t<a class=\"more-button\" href=\"https:\/\/crearcompartir.com\/wordpress\/exitazo-del-ii-bingo-social-y-cultural\/\">Leer m\u00e1s <i><\/i><\/a>\t\t\t<\/article>\n\t\t\t\t\t\t<article class=\"grid-post post-698 post type-post status-publish format-standard has-post-thumbnail hentry category-musica post-with-thumbnail post-with-thumbnail-large\">\n\n\t\t\t\t\t\t\t\t\t<a class=\"grid-thumbnail\" href=\"https:\/\/crearcompartir.com\/wordpress\/inaugurem-la-2a-temporada-dencuentro\/\">\n\t\t\t\t\t\t<img loading=\"lazy\" decoding=\"async\" width=\"436\" height=\"272\" src=\"https:\/\/crearcompartir.com\/wordpress\/wp-content\/uploads\/2024\/10\/casina_web2-436x272.jpg\" class=\"attachment-vantage-grid-loop size-vantage-grid-loop wp-post-image\" alt=\"\" \/>\t\t\t\t\t<\/a>\n\t\t\t\t\n\t\t\t\t<h3><a href=\"https:\/\/crearcompartir.com\/wordpress\/inaugurem-la-2a-temporada-dencuentro\/\">Inaugurem la 2a Temporada d&#8217;ENCUENTRO<\/a><\/h3>\n\t\t\t\t<div class=\"excerpt\"><p>El passat dissabte 5 d&#8217;octubre a les 19.30h vam obrir la nostra segona temporada cultural amb un concert gratu\u00eft a l&#8217;aire lliure del duet CASI N\u00c1 que va tenir lloc a la Pl. Rafael Casanova d&#8217;Abrera. Seguint la l\u00ednia de la primera temporada, la programaci\u00f3 que presenta Crear i Compartir est\u00e0 basada en la varietat [&hellip;]<\/p>\n<\/div>\n\t\t\t\t\t\t\t\t<a class=\"more-button\" href=\"https:\/\/crearcompartir.com\/wordpress\/inaugurem-la-2a-temporada-dencuentro\/\">Leer m\u00e1s <i><\/i><\/a>\t\t\t<\/article>\n\t\t\t\t<\/div>\n\n\t\t\t<nav id=\"nav-below\" class=\"site-navigation paging-navigation\">\n\t\t\t<h2 class=\"assistive-text\">Navegador de art\u00edculos<\/h2>\n\n\t\t\t<div class='pagination'><span aria-current=\"page\" class=\"page-numbers current\">1<\/span>\n<a class=\"page-numbers\" href=\"https:\/\/crearcompartir.com\/wordpress\/wp-json\/wp\/v2\/pages\/246\/page\/2\/\">2<\/a>\n<a class=\"next page-numbers\" href=\"https:\/\/crearcompartir.com\/wordpress\/wp-json\/wp\/v2\/pages\/246\/page\/2\/\">Siguiente &raquo;<\/a><\/div>\n\n\t\t<\/nav><!-- #nav-below -->\n\t\t<\/div><\/div><\/div><\/div><\/div>","protected":false},"excerpt":{"rendered":"<p>Gran \u00e8xit de la I Cal\u00e7otada Popular d&#8217;Abrera El diumenge 22 de mar\u00e7 de 2026, el Parc de Can Morral va acollir la I Cal\u00e7otada Popular d\u2019Abrera, organitzada per l\u2019Associaci\u00f3 Crea Jove\u2019s i l\u2019Associaci\u00f3 Crear i Compartir, amb la col\u00b7laboraci\u00f3 de l\u2019Ajuntament d\u2019Abrera. La convocat\u00f2ria va ser tot un \u00e8xit: m\u00e9s de 400 persones van [&hellip;]<\/p>\n","protected":false},"author":1,"featured_media":0,"parent":0,"menu_order":0,"comment_status":"closed","ping_status":"closed","template":"","meta":{"footnotes":""},"class_list":["post-246","page","type-page","status-publish","hentry","post"],"yoast_head":"<!-- This site is optimized with the Yoast SEO plugin v27.3 - https:\/\/yoast.com\/product\/yoast-seo-wordpress\/ -->\n<title>Noticias - Crear Compartir<\/title>\n<meta name=\"robots\" content=\"index, follow, max-snippet:-1, max-image-preview:large, max-video-preview:-1\" \/>\n<link rel=\"canonical\" href=\"https:\/\/crearcompartir.com\/wordpress\/noticias\/\" \/>\n<meta property=\"og:locale\" content=\"es_ES\" \/>\n<meta property=\"og:type\" content=\"article\" \/>\n<meta property=\"og:title\" content=\"Noticias - Crear Compartir\" \/>\n<meta property=\"og:description\" content=\"Gran \u00e8xit de la I Cal\u00e7otada Popular d&#8217;Abrera El diumenge 22 de mar\u00e7 de 2026, el Parc de Can Morral va acollir la I Cal\u00e7otada Popular d\u2019Abrera, organitzada per l\u2019Associaci\u00f3 Crea Jove\u2019s i l\u2019Associaci\u00f3 Crear i Compartir, amb la col\u00b7laboraci\u00f3 de l\u2019Ajuntament d\u2019Abrera. La convocat\u00f2ria va ser tot un \u00e8xit: m\u00e9s de 400 persones van [&hellip;]\" \/>\n<meta property=\"og:url\" content=\"https:\/\/crearcompartir.com\/wordpress\/noticias\/\" \/>\n<meta property=\"og:site_name\" content=\"Crear Compartir\" \/>\n<meta property=\"article:publisher\" content=\"https:\/\/www.facebook.com\/profile.php?id=100093587113765\" \/>\n<meta property=\"article:modified_time\" content=\"2023-10-24T15:36:28+00:00\" \/>\n<meta property=\"og:image\" content=\"https:\/\/crearcompartir.com\/wordpress\/wp-content\/uploads\/2023\/10\/LogoCC_SEO.jpg\" \/>\n\t<meta property=\"og:image:width\" content=\"1200\" \/>\n\t<meta property=\"og:image:height\" content=\"675\" \/>\n\t<meta property=\"og:image:type\" content=\"image\/jpeg\" \/>\n<meta name=\"twitter:card\" content=\"summary_large_image\" \/>\n<meta name=\"twitter:site\" content=\"@crearcompartir\" \/>\n<meta name=\"twitter:label1\" content=\"Tiempo de lectura\" \/>\n\t<meta name=\"twitter:data1\" content=\"1 minuto\" \/>\n<script type=\"application\/ld+json\" class=\"yoast-schema-graph\">{\"@context\":\"https:\\\/\\\/schema.org\",\"@graph\":[{\"@type\":\"WebPage\",\"@id\":\"https:\\\/\\\/crearcompartir.com\\\/wordpress\\\/noticias\\\/\",\"url\":\"https:\\\/\\\/crearcompartir.com\\\/wordpress\\\/noticias\\\/\",\"name\":\"Noticias - Crear Compartir\",\"isPartOf\":{\"@id\":\"https:\\\/\\\/crearcompartir.com\\\/wordpress\\\/#website\"},\"datePublished\":\"2023-10-24T15:31:19+00:00\",\"dateModified\":\"2023-10-24T15:36:28+00:00\",\"breadcrumb\":{\"@id\":\"https:\\\/\\\/crearcompartir.com\\\/wordpress\\\/noticias\\\/#breadcrumb\"},\"inLanguage\":\"es\",\"potentialAction\":[{\"@type\":\"ReadAction\",\"target\":[\"https:\\\/\\\/crearcompartir.com\\\/wordpress\\\/noticias\\\/\"]}]},{\"@type\":\"BreadcrumbList\",\"@id\":\"https:\\\/\\\/crearcompartir.com\\\/wordpress\\\/noticias\\\/#breadcrumb\",\"itemListElement\":[{\"@type\":\"ListItem\",\"position\":1,\"name\":\"Portada\",\"item\":\"https:\\\/\\\/crearcompartir.com\\\/wordpress\\\/\"},{\"@type\":\"ListItem\",\"position\":2,\"name\":\"Noticias\"}]},{\"@type\":\"WebSite\",\"@id\":\"https:\\\/\\\/crearcompartir.com\\\/wordpress\\\/#website\",\"url\":\"https:\\\/\\\/crearcompartir.com\\\/wordpress\\\/\",\"name\":\"Crear Compartir\",\"description\":\"Web oficial de la entidad sociocultural Crear Compartir\",\"publisher\":{\"@id\":\"https:\\\/\\\/crearcompartir.com\\\/wordpress\\\/#organization\"},\"potentialAction\":[{\"@type\":\"SearchAction\",\"target\":{\"@type\":\"EntryPoint\",\"urlTemplate\":\"https:\\\/\\\/crearcompartir.com\\\/wordpress\\\/?s={search_term_string}\"},\"query-input\":{\"@type\":\"PropertyValueSpecification\",\"valueRequired\":true,\"valueName\":\"search_term_string\"}}],\"inLanguage\":\"es\"},{\"@type\":\"Organization\",\"@id\":\"https:\\\/\\\/crearcompartir.com\\\/wordpress\\\/#organization\",\"name\":\"Asociaci\u00f3n Crear y Compartir\",\"url\":\"https:\\\/\\\/crearcompartir.com\\\/wordpress\\\/\",\"logo\":{\"@type\":\"ImageObject\",\"inLanguage\":\"es\",\"@id\":\"https:\\\/\\\/crearcompartir.com\\\/wordpress\\\/#\\\/schema\\\/logo\\\/image\\\/\",\"url\":\"https:\\\/\\\/crearcompartir.com\\\/wordpress\\\/wp-content\\\/uploads\\\/2023\\\/10\\\/logo_transparent-e1696433415887.png\",\"contentUrl\":\"https:\\\/\\\/crearcompartir.com\\\/wordpress\\\/wp-content\\\/uploads\\\/2023\\\/10\\\/logo_transparent-e1696433415887.png\",\"width\":199,\"height\":131,\"caption\":\"Asociaci\u00f3n Crear y Compartir\"},\"image\":{\"@id\":\"https:\\\/\\\/crearcompartir.com\\\/wordpress\\\/#\\\/schema\\\/logo\\\/image\\\/\"},\"sameAs\":[\"https:\\\/\\\/www.facebook.com\\\/profile.php?id=100093587113765\",\"https:\\\/\\\/x.com\\\/crearcompartir\",\"https:\\\/\\\/www.instagram.com\\\/crearcompartir\\\/\"]}]}<\/script>\n<!-- \/ Yoast SEO plugin. -->","yoast_head_json":{"title":"Noticias - Crear Compartir","robots":{"index":"index","follow":"follow","max-snippet":"max-snippet:-1","max-image-preview":"max-image-preview:large","max-video-preview":"max-video-preview:-1"},"canonical":"https:\/\/crearcompartir.com\/wordpress\/noticias\/","og_locale":"es_ES","og_type":"article","og_title":"Noticias - Crear Compartir","og_description":"Gran \u00e8xit de la I Cal\u00e7otada Popular d&#8217;Abrera El diumenge 22 de mar\u00e7 de 2026, el Parc de Can Morral va acollir la I Cal\u00e7otada Popular d\u2019Abrera, organitzada per l\u2019Associaci\u00f3 Crea Jove\u2019s i l\u2019Associaci\u00f3 Crear i Compartir, amb la col\u00b7laboraci\u00f3 de l\u2019Ajuntament d\u2019Abrera. La convocat\u00f2ria va ser tot un \u00e8xit: m\u00e9s de 400 persones van [&hellip;]","og_url":"https:\/\/crearcompartir.com\/wordpress\/noticias\/","og_site_name":"Crear Compartir","article_publisher":"https:\/\/www.facebook.com\/profile.php?id=100093587113765","article_modified_time":"2023-10-24T15:36:28+00:00","og_image":[{"width":1200,"height":675,"url":"https:\/\/crearcompartir.com\/wordpress\/wp-content\/uploads\/2023\/10\/LogoCC_SEO.jpg","type":"image\/jpeg"}],"twitter_card":"summary_large_image","twitter_site":"@crearcompartir","twitter_misc":{"Tiempo de lectura":"1 minuto"},"schema":{"@context":"https:\/\/schema.org","@graph":[{"@type":"WebPage","@id":"https:\/\/crearcompartir.com\/wordpress\/noticias\/","url":"https:\/\/crearcompartir.com\/wordpress\/noticias\/","name":"Noticias - Crear Compartir","isPartOf":{"@id":"https:\/\/crearcompartir.com\/wordpress\/#website"},"datePublished":"2023-10-24T15:31:19+00:00","dateModified":"2023-10-24T15:36:28+00:00","breadcrumb":{"@id":"https:\/\/crearcompartir.com\/wordpress\/noticias\/#breadcrumb"},"inLanguage":"es","potentialAction":[{"@type":"ReadAction","target":["https:\/\/crearcompartir.com\/wordpress\/noticias\/"]}]},{"@type":"BreadcrumbList","@id":"https:\/\/crearcompartir.com\/wordpress\/noticias\/#breadcrumb","itemListElement":[{"@type":"ListItem","position":1,"name":"Portada","item":"https:\/\/crearcompartir.com\/wordpress\/"},{"@type":"ListItem","position":2,"name":"Noticias"}]},{"@type":"WebSite","@id":"https:\/\/crearcompartir.com\/wordpress\/#website","url":"https:\/\/crearcompartir.com\/wordpress\/","name":"Crear Compartir","description":"Web oficial de la entidad sociocultural Crear Compartir","publisher":{"@id":"https:\/\/crearcompartir.com\/wordpress\/#organization"},"potentialAction":[{"@type":"SearchAction","target":{"@type":"EntryPoint","urlTemplate":"https:\/\/crearcompartir.com\/wordpress\/?s={search_term_string}"},"query-input":{"@type":"PropertyValueSpecification","valueRequired":true,"valueName":"search_term_string"}}],"inLanguage":"es"},{"@type":"Organization","@id":"https:\/\/crearcompartir.com\/wordpress\/#organization","name":"Asociaci\u00f3n Crear y Compartir","url":"https:\/\/crearcompartir.com\/wordpress\/","logo":{"@type":"ImageObject","inLanguage":"es","@id":"https:\/\/crearcompartir.com\/wordpress\/#\/schema\/logo\/image\/","url":"https:\/\/crearcompartir.com\/wordpress\/wp-content\/uploads\/2023\/10\/logo_transparent-e1696433415887.png","contentUrl":"https:\/\/crearcompartir.com\/wordpress\/wp-content\/uploads\/2023\/10\/logo_transparent-e1696433415887.png","width":199,"height":131,"caption":"Asociaci\u00f3n Crear y Compartir"},"image":{"@id":"https:\/\/crearcompartir.com\/wordpress\/#\/schema\/logo\/image\/"},"sameAs":["https:\/\/www.facebook.com\/profile.php?id=100093587113765","https:\/\/x.com\/crearcompartir","https:\/\/www.instagram.com\/crearcompartir\/"]}]}},"jetpack_sharing_enabled":true,"_links":{"self":[{"href":"https:\/\/crearcompartir.com\/wordpress\/wp-json\/wp\/v2\/pages\/246","targetHints":{"allow":["GET"]}}],"collection":[{"href":"https:\/\/crearcompartir.com\/wordpress\/wp-json\/wp\/v2\/pages"}],"about":[{"href":"https:\/\/crearcompartir.com\/wordpress\/wp-json\/wp\/v2\/types\/page"}],"author":[{"embeddable":true,"href":"https:\/\/crearcompartir.com\/wordpress\/wp-json\/wp\/v2\/users\/1"}],"replies":[{"embeddable":true,"href":"https:\/\/crearcompartir.com\/wordpress\/wp-json\/wp\/v2\/comments?post=246"}],"version-history":[{"count":6,"href":"https:\/\/crearcompartir.com\/wordpress\/wp-json\/wp\/v2\/pages\/246\/revisions"}],"predecessor-version":[{"id":257,"href":"https:\/\/crearcompartir.com\/wordpress\/wp-json\/wp\/v2\/pages\/246\/revisions\/257"}],"wp:attachment":[{"href":"https:\/\/crearcompartir.com\/wordpress\/wp-json\/wp\/v2\/media?parent=246"}],"curies":[{"name":"wp","href":"https:\/\/api.w.org\/{rel}","templated":true}]}}